{"id":3140,"date":"2024-07-15T12:26:46","date_gmt":"2024-07-15T11:26:46","guid":{"rendered":"https:\/\/babycasadz.com\/?post_type=product&#038;p=3140"},"modified":"2025-05-25T15:59:50","modified_gmt":"2025-05-25T14:59:50","slug":"oreiller-bebe-baby-junior","status":"publish","type":"product","link":"https:\/\/babycasadz.com\/ar\/product\/oreiller-bebe-baby-junior\/","title":{"rendered":"OREILLER BEBE BABY JUNIOR"},"content":{"rendered":"<p>Coussin auto-modelant pour berceau ou poussette<\/p>\n<p>Un coussin est un mat\u00e9riau innovant qui limite le stress sur la t\u00eate de l&#8217;enfant et fournit un soutien appropri\u00e9 De plus, le coussin est plus efficace \u00e0 20% et permet de r\u00e9partir la charge de mani\u00e8re uniforme par rapport \u00e0 l&#8217;utilisation du matelas 100%.<\/p>\n<p>L&#8217;oreiller est sensible \u00e0 la temp\u00e9rature corporelle car il s&#8217;adapte au corps et distribue le poids de mani\u00e8re<\/p>\n<p>uniforme gr\u00e2ce \u00e0 la hauteur du coussin de seulement 2 cm Cet oreiller est id\u00e9al pour se reposer dans la position de couchage, qui est la position la plus appropri\u00e9e pour<\/p>\n<p>les nouveau-n\u00e9s selon les recommandations du monde m\u00e9dical. La structure de mat\u00e9riau open-source open-source a une circulation d&#8217;air jusqu&#8217;\u00e0 9 fois sup\u00e9rieure \u00e0 celle de la g\u00e9n\u00e9ration pr\u00e9c\u00e9dente de packages de commodit\u00e9<\/p>\n<p>Conseil:<\/p>\n<ul>\n<li>Utilisez le coussinet juste \u00e0 l&#8217;int\u00e9rieur de la housse de coussin, adapt\u00e9 \u00e0 sa taille.<\/li>\n<li>Ils ont \u00e9t\u00e9 test\u00e9s par des chercheurs de l&#8217;Universit\u00e9 de Pavie.<\/li>\n<\/ul>\n","protected":false},"excerpt":{"rendered":"<p>Coussin auto-modelant pour berceau ou poussette Un coussin est un mat\u00e9riau innovant qui limite le stress sur la t\u00eate de l&#8217;enfant et fournit un soutien appropri\u00e9 De plus, le coussin est plus efficace \u00e0 20% et permet de r\u00e9partir la charge de mani\u00e8re uniforme par rapport \u00e0 l&#8217;utilisation du matelas 100%. L&#8217;oreiller est sensible \u00e0 [&hellip;]<\/p>\n","protected":false},"featured_media":3141,"comment_status":"open","ping_status":"closed","template":"","meta":{"_monsterinsights_skip_tracking":false,"_monsterinsights_sitenote_active":false,"_monsterinsights_sitenote_note":"","_monsterinsights_sitenote_category":0,"site-sidebar-layout":"default","site-content-layout":"","ast-site-content-layout":"default","site-content-style":"default","site-sidebar-style":"default","ast-global-header-display":"","ast-banner-title-visibility":"","ast-main-header-display":"","ast-hfb-above-header-display":"","ast-hfb-below-header-display":"","ast-hfb-mobile-header-display":"","site-post-title":"","ast-breadcrumbs-content":"","ast-featured-img":"","footer-sml-layout":"","theme-transparent-header-meta":"default","adv-header-id-meta":"","stick-header-meta":"","header-above-stick-meta":"","header-main-stick-meta":"","header-below-stick-meta":"","astra-migrate-meta-layouts":"set","ast-page-background-enabled":"default","ast-page-background-meta":{"desktop":{"background-color":"var(--ast-global-color-4)","background-image":"","background-repeat":"repeat","background-position":"center center","background-size":"auto","background-attachment":"scroll","background-type":"","background-media":"","overlay-type":"","overlay-color":"","overlay-gradient":""},"tablet":{"background-color":"","background-image":"","background-repeat":"repeat","background-position":"center center","background-size":"auto","background-attachment":"scroll","background-type":"","background-media":"","overlay-type":"","overlay-color":"","overlay-gradient":""},"mobile":{"background-color":"","background-image":"","background-repeat":"repeat","background-position":"center center","background-size":"auto","background-attachment":"scroll","background-type":"","background-media":"","overlay-type":"","overlay-color":"","overlay-gradient":""}},"ast-content-background-meta":{"desktop":{"background-color":"var(--ast-global-color-5)","background-image":"","background-repeat":"repeat","background-position":"center center","background-size":"auto","background-attachment":"scroll","background-type":"","background-media":"","overlay-type":"","overlay-color":"","overlay-gradient":""},"tablet":{"background-color":"var(--ast-global-color-5)","background-image":"","background-repeat":"repeat","background-position":"center center","background-size":"auto","background-attachment":"scroll","background-type":"","background-media":"","overlay-type":"","overlay-color":"","overlay-gradient":""},"mobile":{"background-color":"var(--ast-global-color-5)","background-image":"","background-repeat":"repeat","background-position":"center center","background-size":"auto","background-attachment":"scroll","background-type":"","background-media":"","overlay-type":"","overlay-color":"","overlay-gradient":""}}},"product_cat":[71],"product_tag":[],"_links":{"self":[{"href":"https:\/\/babycasadz.com\/ar\/wp-json\/wp\/v2\/product\/3140"}],"collection":[{"href":"https:\/\/babycasadz.com\/ar\/wp-json\/wp\/v2\/product"}],"about":[{"href":"https:\/\/babycasadz.com\/ar\/wp-json\/wp\/v2\/types\/product"}],"replies":[{"embeddable":true,"href":"https:\/\/babycasadz.com\/ar\/wp-json\/wp\/v2\/comments?post=3140"}],"wp:featuredmedia":[{"embeddable":true,"href":"https:\/\/babycasadz.com\/ar\/wp-json\/wp\/v2\/media\/3141"}],"wp:attachment":[{"href":"https:\/\/babycasadz.com\/ar\/wp-json\/wp\/v2\/media?parent=3140"}],"wp:term":[{"taxonomy":"product_cat","embeddable":true,"href":"https:\/\/babycasadz.com\/ar\/wp-json\/wp\/v2\/product_cat?post=3140"},{"taxonomy":"product_tag","embeddable":true,"href":"https:\/\/babycasadz.com\/ar\/wp-json\/wp\/v2\/product_tag?post=3140"}],"curies":[{"name":"wp","href":"https:\/\/api.w.org\/{rel}","templated":true}]}}